{"id":770,"date":"2023-03-14T05:03:41","date_gmt":"2023-03-14T05:03:41","guid":{"rendered":"https:\/\/fiduciaspices.com\/?post_type=product&#038;p=770"},"modified":"2023-03-14T05:08:53","modified_gmt":"2023-03-14T05:08:53","slug":"black-pepper","status":"publish","type":"product","link":"https:\/\/fiduciaspices.com\/it\/prodotto\/black-pepper\/","title":{"rendered":"Pepe Nero"},"content":{"rendered":"","protected":false},"excerpt":{"rendered":"<p>I grani di pepe sono considerati il \u200b\u200b\"re delle spezie\". I grani di pepe e il pepe macinato sono derivati \u200b\u200b\u200b\u200bdal seme del pepe sono semplicemente descritti semplicemente come pepe. Il pepe nero \u00e8 originario della costa indiana del Malabar. \u00c8 una delle spezie pi\u00f9 comuni aggiunte alle cucine di tutto il mondo. Il pepe era storicamente sia un condimento che una medicina tradizionale. Si dice che questi grani di pepe abbiano determinati benefici<\/p>\n<ul>\n<li>Ad alto contenuto di antiossidanti<\/li>\n<li>Hanno propriet\u00e0 antinfiammatorie<\/li>\n<li>avvantaggia il tuo cervello<\/li>\n<li>Abbassa i livelli di colesterolo<\/li>\n<\/ul>\n<p>Portiamo il miglior granello di pepe del mondo dalla gamma del Karnataka. Le nostre piantagioni, la lavorazione, i metodi di qualit\u00e0 ci rendono diversi.<\/p>","protected":false},"featured_media":804,"comment_status":"open","ping_status":"closed","template":"","meta":{"site-sidebar-layout":"default","site-content-layout":"","ast-site-content-layout":"default","site-content-style":"default","site-sidebar-style":"default","ast-global-header-display":"","ast-banner-title-visibility":"","ast-main-header-display":"","ast-hfb-above-header-display":"","ast-hfb-below-header-display":"","ast-hfb-mobile-header-display":"","site-post-title":"","ast-breadcrumbs-content":"","ast-featured-img":"","footer-sml-layout":"","ast-disable-related-posts":"","theme-transparent-header-meta":"","adv-header-id-meta":"","stick-header-meta":"","header-above-stick-meta":"","header-main-stick-meta":"","header-below-stick-meta":"","astra-migrate-meta-layouts":"default","ast-page-background-enabled":"default","ast-page-background-meta":{"desktop":{"background-color":"var(--ast-global-color-4)","background-image":"","background-repeat":"repeat","background-position":"center center","background-size":"auto","background-attachment":"scroll","background-type":"","background-media":"","overlay-type":"","overlay-color":"","overlay-opacity":"","overlay-gradient":""},"tablet":{"background-color":"","background-image":"","background-repeat":"repeat","background-position":"center center","background-size":"auto","background-attachment":"scroll","background-type":"","background-media":"","overlay-type":"","overlay-color":"","overlay-opacity":"","overlay-gradient":""},"mobile":{"background-color":"","background-image":"","background-repeat":"repeat","background-position":"center center","background-size":"auto","background-attachment":"scroll","background-type":"","background-media":"","overlay-type":"","overlay-color":"","overlay-opacity":"","overlay-gradient":""}},"ast-content-background-meta":{"desktop":{"background-color":"var(--ast-global-color-5)","background-image":"","background-repeat":"repeat","background-position":"center center","background-size":"auto","background-attachment":"scroll","background-type":"","background-media":"","overlay-type":"","overlay-color":"","overlay-opacity":"","overlay-gradient":""},"tablet":{"background-color":"var(--ast-global-color-5)","background-image":"","background-repeat":"repeat","background-position":"center center","background-size":"auto","background-attachment":"scroll","background-type":"","background-media":"","overlay-type":"","overlay-color":"","overlay-opacity":"","overlay-gradient":""},"mobile":{"background-color":"var(--ast-global-color-5)","background-image":"","background-repeat":"repeat","background-position":"center center","background-size":"auto","background-attachment":"scroll","background-type":"","background-media":"","overlay-type":"","overlay-color":"","overlay-opacity":"","overlay-gradient":""}}},"product_brand":[],"product_cat":[21],"product_tag":[],"class_list":{"0":"post-770","1":"product","2":"type-product","3":"status-publish","4":"has-post-thumbnail","6":"product_cat-our-products","7":"desktop-align-left","8":"tablet-align-left","9":"mobile-align-left","11":"first","12":"instock","13":"shipping-taxable","14":"purchasable","15":"product-type-variable","16":"has-default-attributes"},"_links":{"self":[{"href":"https:\/\/fiduciaspices.com\/it\/wp-json\/wp\/v2\/product\/770","targetHints":{"allow":["GET"]}}],"collection":[{"href":"https:\/\/fiduciaspices.com\/it\/wp-json\/wp\/v2\/product"}],"about":[{"href":"https:\/\/fiduciaspices.com\/it\/wp-json\/wp\/v2\/types\/product"}],"replies":[{"embeddable":true,"href":"https:\/\/fiduciaspices.com\/it\/wp-json\/wp\/v2\/comments?post=770"}],"wp:featuredmedia":[{"embeddable":true,"href":"https:\/\/fiduciaspices.com\/it\/wp-json\/wp\/v2\/media\/804"}],"wp:attachment":[{"href":"https:\/\/fiduciaspices.com\/it\/wp-json\/wp\/v2\/media?parent=770"}],"wp:term":[{"taxonomy":"product_brand","embeddable":true,"href":"https:\/\/fiduciaspices.com\/it\/wp-json\/wp\/v2\/product_brand?post=770"},{"taxonomy":"product_cat","embeddable":true,"href":"https:\/\/fiduciaspices.com\/it\/wp-json\/wp\/v2\/product_cat?post=770"},{"taxonomy":"product_tag","embeddable":true,"href":"https:\/\/fiduciaspices.com\/it\/wp-json\/wp\/v2\/product_tag?post=770"}],"curies":[{"name":"wp","href":"https:\/\/api.w.org\/{rel}","templated":true}]}}