{"id":852,"date":"2023-03-14T05:09:51","date_gmt":"2023-03-14T05:09:51","guid":{"rendered":"https:\/\/fiduciaspices.com\/?post_type=product&#038;p=852"},"modified":"2023-03-14T05:11:02","modified_gmt":"2023-03-14T05:11:02","slug":"chicken-masala","status":"publish","type":"product","link":"https:\/\/fiduciaspices.com\/it\/prodotto\/chicken-masala\/","title":{"rendered":"Masala Per Pollo"},"content":{"rendered":"","protected":false},"excerpt":{"rendered":"<p>La polvere di masala di pollo \u00e8 una miscela di spezie comunemente usata nella cucina indiana per aggiungere sapore e aroma ai piatti di pollo. Gli ingredienti esatti della polvere di masala di pollo possono variare, ma in genere include un mix di spezie come cumino, coriandolo, curcuma, zenzero, aglio, cardamomo, chiodi di garofano e cannella. La miscela di spezie viene spesso utilizzata per marinare il pollo prima della cottura o aggiunta ai piatti di pollo durante la preparazione.<\/p>\n<p>La polvere di masala di pollo \u00e8 un modo comodo e semplice per aggiungere sapori complessi ai piatti di pollo senza dover dosare e mescolare le singole spezie. Pu\u00f2 essere trovato nella maggior parte dei negozi di alimentari o pu\u00f2 essere preparato in casa macinando insieme spezie intere. \u00c8 importante notare che la qualit\u00e0 e la freschezza delle spezie utilizzate possono influire notevolmente sul sapore del masala di pollo in polvere.<\/p>\n<h4>Ingredients:<\/h4>\n<ul>\n<li>\u00a0Semi di coriandolo<\/li>\n<li>Peperoncino secco<\/li>\n<li>Semi Di Finocchio<\/li>\n<li>Semi di cumino<\/li>\n<li>Riso<\/li>\n<li>Cardamomo<\/li>\n<li>Semi di papavero<\/li>\n<li>Foglie di curry<\/li>\n<li>Curcuma<\/li>\n<li>Foglie di alloro<\/li>\n<li>Anice stellato<\/li>\n<li>Cannella<\/li>\n<li>Chiodi Di Garofano<\/li>\n<li>Sale<\/li>\n<\/ul>","protected":false},"featured_media":863,"comment_status":"open","ping_status":"closed","template":"","meta":{"site-sidebar-layout":"default","site-content-layout":"","ast-site-content-layout":"default","site-content-style":"default","site-sidebar-style":"default","ast-global-header-display":"","ast-banner-title-visibility":"","ast-main-header-display":"","ast-hfb-above-header-display":"","ast-hfb-below-header-display":"","ast-hfb-mobile-header-display":"","site-post-title":"","ast-breadcrumbs-content":"","ast-featured-img":"","footer-sml-layout":"","ast-disable-related-posts":"","theme-transparent-header-meta":"","adv-header-id-meta":"","stick-header-meta":"","header-above-stick-meta":"","header-main-stick-meta":"","header-below-stick-meta":"","astra-migrate-meta-layouts":"default","ast-page-background-enabled":"default","ast-page-background-meta":{"desktop":{"background-color":"var(--ast-global-color-4)","background-image":"","background-repeat":"repeat","background-position":"center center","background-size":"auto","background-attachment":"scroll","background-type":"","background-media":"","overlay-type":"","overlay-color":"","overlay-opacity":"","overlay-gradient":""},"tablet":{"background-color":"","background-image":"","background-repeat":"repeat","background-position":"center center","background-size":"auto","background-attachment":"scroll","background-type":"","background-media":"","overlay-type":"","overlay-color":"","overlay-opacity":"","overlay-gradient":""},"mobile":{"background-color":"","background-image":"","background-repeat":"repeat","background-position":"center center","background-size":"auto","background-attachment":"scroll","background-type":"","background-media":"","overlay-type":"","overlay-color":"","overlay-opacity":"","overlay-gradient":""}},"ast-content-background-meta":{"desktop":{"background-color":"var(--ast-global-color-5)","background-image":"","background-repeat":"repeat","background-position":"center center","background-size":"auto","background-attachment":"scroll","background-type":"","background-media":"","overlay-type":"","overlay-color":"","overlay-opacity":"","overlay-gradient":""},"tablet":{"background-color":"var(--ast-global-color-5)","background-image":"","background-repeat":"repeat","background-position":"center center","background-size":"auto","background-attachment":"scroll","background-type":"","background-media":"","overlay-type":"","overlay-color":"","overlay-opacity":"","overlay-gradient":""},"mobile":{"background-color":"var(--ast-global-color-5)","background-image":"","background-repeat":"repeat","background-position":"center center","background-size":"auto","background-attachment":"scroll","background-type":"","background-media":"","overlay-type":"","overlay-color":"","overlay-opacity":"","overlay-gradient":""}}},"product_brand":[],"product_cat":[21],"product_tag":[],"class_list":{"0":"post-852","1":"product","2":"type-product","3":"status-publish","4":"has-post-thumbnail","6":"product_cat-our-products","7":"desktop-align-left","8":"tablet-align-left","9":"mobile-align-left","11":"first","12":"instock","13":"shipping-taxable","14":"product-type-simple"},"_links":{"self":[{"href":"https:\/\/fiduciaspices.com\/it\/wp-json\/wp\/v2\/product\/852","targetHints":{"allow":["GET"]}}],"collection":[{"href":"https:\/\/fiduciaspices.com\/it\/wp-json\/wp\/v2\/product"}],"about":[{"href":"https:\/\/fiduciaspices.com\/it\/wp-json\/wp\/v2\/types\/product"}],"replies":[{"embeddable":true,"href":"https:\/\/fiduciaspices.com\/it\/wp-json\/wp\/v2\/comments?post=852"}],"wp:featuredmedia":[{"embeddable":true,"href":"https:\/\/fiduciaspices.com\/it\/wp-json\/wp\/v2\/media\/863"}],"wp:attachment":[{"href":"https:\/\/fiduciaspices.com\/it\/wp-json\/wp\/v2\/media?parent=852"}],"wp:term":[{"taxonomy":"product_brand","embeddable":true,"href":"https:\/\/fiduciaspices.com\/it\/wp-json\/wp\/v2\/product_brand?post=852"},{"taxonomy":"product_cat","embeddable":true,"href":"https:\/\/fiduciaspices.com\/it\/wp-json\/wp\/v2\/product_cat?post=852"},{"taxonomy":"product_tag","embeddable":true,"href":"https:\/\/fiduciaspices.com\/it\/wp-json\/wp\/v2\/product_tag?post=852"}],"curies":[{"name":"wp","href":"https:\/\/api.w.org\/{rel}","templated":true}]}}